{"id":3,"date":"2025-08-05T08:13:38","date_gmt":"2025-08-05T08:13:38","guid":{"rendered":"https:\/\/kundenportal.regenlab.de\/?page_id=3"},"modified":"2026-04-01T16:42:23","modified_gmt":"2026-04-01T14:42:23","slug":"impressum","status":"publish","type":"page","link":"https:\/\/kundenportal.regenlab.de\/de\/impressum\/","title":{"rendered":"Impressum"},"content":{"rendered":"<div data-elementor-type=\"wp-page\" data-elementor-id=\"3\" class=\"elementor elementor-3\" data-elementor-post-type=\"page\">\n\t\t\t\t<div class=\"elementor-element elementor-element-35ffd334 e-flex e-con-boxed e-con e-parent\" data-id=\"35ffd334\" data-element_type=\"container\" data-e-type=\"container\">\n\t\t\t\t\t<div class=\"e-con-inner\">\n\t\t\t\t<div class=\"elementor-element elementor-element-0c5fd9f elementor-widget__width-initial elementor-widget elementor-widget-heading\" data-id=\"0c5fd9f\" data-element_type=\"widget\" data-e-type=\"widget\" data-widget_type=\"heading.default\">\n\t\t\t\t\t<h1 class=\"elementor-heading-title elementor-size-default\">Impressum<\/h1>\t\t\t\t<\/div>\n\t\t\t\t<div class=\"elementor-element elementor-element-f4f956a elementor-widget elementor-widget-text-editor\" data-id=\"f4f956a\" data-element_type=\"widget\" data-e-type=\"widget\" data-widget_type=\"text-editor.default\">\n\t\t\t\t\t\t\t\t\t<p><strong>Angaben zum Diensteanbieter<\/strong><br>RegenLab GmbH<br>Hopfenstra\u00dfe 8<br>D-80335 M\u00fcnchen<\/p>\n<p><br><\/p>\n<p><strong>Vertreten durch die Gesch\u00e4ftsf\u00fchrer:<\/strong><br>Antoine Turzi<br>Andreas Luigi Pigni<\/p>\n<p><br><\/p>\n<p><strong>Registergericht der GmbH:<\/strong> Amtsgericht M\u00fcnchen<br><strong>Registernummer der GmbH:<\/strong> HRB 214511<\/p>\n<p><br><\/p>\n<p><strong>Kontakt<\/strong><br>Telefon: +49 (0)89 4132555 00<br>E-Mail: support-de@regenlab.com<\/p>\n<p><br><\/p>\n<p><strong>Umsatzsteuer-ID<\/strong><br>Umsatzsteuer-Identifikationsnummer gem\u00e4\u00df \u00a7 27a Umsatzsteuergesetz: DE297993362<\/p>\n<p>Inhaltlich Verantwortlicher gem. \u00a7 18 Abs. 2 MStV<br>Gerald Hofer (Anschrift und Kontakt s.o.)<\/p>\n<p><br><\/p>\n<p><b>Aufsichtsbeh\u00f6rde<br><\/b>Regierung von Oberbayern<br>Maximilianstra\u00dfe 39<br>80538 M\u00fcnchen<\/p>\n<p><br><\/p>\n<p><strong>Telefon:<\/strong> +49 (0)89 2176-0<br><strong>Telefax:<\/strong> +49 (0)89 2176-2914<\/p>\n<p>https:\/\/www.regierung.oberbayern.bayern.de<\/p><p><br><\/p>\n<p><strong>Plattform der Europ\u00e4ischen Kommission zur Online-Streitbeilegung (OS) f\u00fcr<\/strong> Verbraucher: https:\/\/ec.europa.eu\/consumers\/odr\/. Wir sind nicht bereit und nicht verpflichtet an einem Streitbeilegungsverfahren vor einer Verbraucherschlichtungsstelle teilzunehmen.<\/p>\t\t\t\t\t\t\t\t<\/div>\n\t\t\t\t<div class=\"elementor-element elementor-element-f570c17 elementor-widget elementor-widget-text-editor\" data-id=\"f570c17\" data-element_type=\"widget\" data-e-type=\"widget\" data-widget_type=\"text-editor.default\">\n\t\t\t\t\t\t\t\t\t<p><strong>Wichtig:<\/strong><\/p>\n<p>Die auf dieser Seite gew\u00e4hlte m\u00e4nnliche Form bezieht sich immer zugleich auf weibliche, m\u00e4nnliche und diverse Personen. Auf eine Mehrfachbezeichnung wird in der Regel zugunsten einer besseren Lesbarkeit verzichtet.<\/p>\t\t\t\t\t\t\t\t<\/div>\n\t\t\t\t<div class=\"elementor-element elementor-element-c54c796 elementor-widget-divider--view-line elementor-widget elementor-widget-divider\" data-id=\"c54c796\" data-element_type=\"widget\" data-e-type=\"widget\" data-widget_type=\"divider.default\">\n\t\t\t\t\t\t\t<div class=\"elementor-divider\">\n\t\t\t<span class=\"elementor-divider-separator\">\n\t\t\t\t\t\t<\/span>\n\t\t<\/div>\n\t\t\t\t\t\t<\/div>\n\t\t\t\t\t<\/div>\n\t\t\t\t<\/div>\n\t\t<div class=\"elementor-element elementor-element-0e55893 e-flex e-con-boxed e-con e-parent\" data-id=\"0e55893\" data-element_type=\"container\" data-e-type=\"container\" data-settings=\"{&quot;position&quot;:&quot;absolute&quot;}\">\n\t\t\t\t\t<div class=\"e-con-inner\">\n\t\t\t\t<div class=\"elementor-element elementor-element-f1387dc elementor-absolute elementor-hidden-mobile elementor-widget elementor-widget-html\" data-id=\"f1387dc\" data-element_type=\"widget\" data-e-type=\"widget\" data-settings=\"{&quot;_position&quot;:&quot;absolute&quot;}\" data-widget_type=\"html.default\">\n\t\t\t\t\t<svg xmlns=\"http:\/\/www.w3.org\/2000\/svg\" width=\"1136\" height=\"774\" viewbox=\"0 0 1136 774\" fill=\"none\">\n<g opacity=\"0.24\" filter=\"url(#filter0_f_253_306)\">\n<path fill-rule=\"evenodd\" clip-rule=\"evenodd\" d=\"M515.115 123.16C564.418 128.123 619.334 104.48 661.012 131.281C702.661 158.063 708.246 215.559 728.835 260.591C747.488 301.392 765.396 340.528 776.545 383.983C790.739 439.303 838.533 505.446 803.159 550.285C765.494 598.028 681.66 551.789 625.59 575.331C579.85 594.535 562.527 656.628 515.115 671.223C463.654 687.064 406.93 677.909 356.883 658.048C302.796 636.583 235.617 610.343 220.266 554.214C204.069 494.991 279.94 445.348 281.93 383.983C283.817 325.798 217.3 276.564 231.103 220.008C244.749 164.095 296.74 118.673 351.214 100.097C404.338 81.982 459.269 117.539 515.115 123.16Z\" fill=\"#83C6F3\"\/>\n<\/g>\n<g opacity=\"0.24\" filter=\"url(#filter1_f_253_306)\">\n<path fill-rule=\"evenodd\" clip-rule=\"evenodd\" d=\"M858.115 -375.84C907.418 -370.877 962.334 -394.52 1004.01 -367.719C1045.66 -340.937 1051.25 -283.441 1071.83 -238.409C1090.49 -197.608 1108.4 -158.472 1119.55 -115.017C1133.74 -59.6966 1181.53 6.44601 1146.16 51.2851C1108.49 99.0284 1024.66 52.7892 968.59 76.3306C922.85 95.5347 905.527 157.628 858.115 172.223C806.654 188.064 749.93 178.909 699.883 159.048C645.796 137.583 578.617 111.343 563.266 55.2136C547.069 -4.00934 622.94 -53.6519 624.93 -115.017C626.817 -173.202 560.3 -222.436 574.103 -278.992C587.749 -334.905 639.74 -380.327 694.214 -398.903C747.338 -417.018 802.269 -381.461 858.115 -375.84Z\" fill=\"#83F3A5\"\/>\n<\/g>\n<defs>\n<filter id=\"filter0_f_253_306\" x=\"0\" y=\"-123\" width=\"1033.94\" height=\"1020.28\" filterunits=\"userSpaceOnUse\" color-interpolation-filters=\"sRGB\">\n<feflood flood-opacity=\"0\" result=\"BackgroundImageFix\"\/>\n<feblend mode=\"normal\" in=\"SourceGraphic\" in2=\"BackgroundImageFix\" result=\"shape\"\/>\n<fegaussianblur stddeviation=\"109\" result=\"effect1_foregroundBlur_253_306\"\/>\n<\/filter>\n<filter id=\"filter1_f_253_306\" x=\"343\" y=\"-622\" width=\"1033.94\" height=\"1020.28\" filterunits=\"userSpaceOnUse\" color-interpolation-filters=\"sRGB\">\n<feflood flood-opacity=\"0\" result=\"BackgroundImageFix\"\/>\n<feblend mode=\"normal\" in=\"SourceGraphic\" in2=\"BackgroundImageFix\" result=\"shape\"\/>\n<fegaussianblur stddeviation=\"109\" result=\"effect1_foregroundBlur_253_306\"\/>\n<\/filter>\n<\/defs>\n<\/svg>\t\t\t\t<\/div>\n\t\t\t\t\t<\/div>\n\t\t\t\t<\/div>\n\t\t\t\t<\/div>","protected":false},"excerpt":{"rendered":"<p>Imprint Information about the Service ProviderRegenLab GmbHHopfenstra\u00dfe 8D-80335 Munich Represented by the Managing Directors:Antoine TurziAndreas Luigi Pigni Court of Registration for the GmbH: Munich Local CourtRegistration Number of the GmbH: [&hellip;]<\/p>\n","protected":false},"author":1,"featured_media":0,"parent":0,"menu_order":0,"comment_status":"closed","ping_status":"closed","template":"","meta":{"footnotes":""},"class_list":["post-3","page","type-page","status-publish","hentry"],"_links":{"self":[{"href":"https:\/\/kundenportal.regenlab.de\/de\/wp-json\/wp\/v2\/pages\/3","targetHints":{"allow":["GET"]}}],"collection":[{"href":"https:\/\/kundenportal.regenlab.de\/de\/wp-json\/wp\/v2\/pages"}],"about":[{"href":"https:\/\/kundenportal.regenlab.de\/de\/wp-json\/wp\/v2\/types\/page"}],"author":[{"embeddable":true,"href":"https:\/\/kundenportal.regenlab.de\/de\/wp-json\/wp\/v2\/users\/1"}],"replies":[{"embeddable":true,"href":"https:\/\/kundenportal.regenlab.de\/de\/wp-json\/wp\/v2\/comments?post=3"}],"version-history":[{"count":46,"href":"https:\/\/kundenportal.regenlab.de\/de\/wp-json\/wp\/v2\/pages\/3\/revisions"}],"predecessor-version":[{"id":5386,"href":"https:\/\/kundenportal.regenlab.de\/de\/wp-json\/wp\/v2\/pages\/3\/revisions\/5386"}],"wp:attachment":[{"href":"https:\/\/kundenportal.regenlab.de\/de\/wp-json\/wp\/v2\/media?parent=3"}],"curies":[{"name":"wp","href":"https:\/\/api.w.org\/{rel}","templated":true}]}}